{"id":1661,"date":"2023-07-23T20:58:34","date_gmt":"2023-07-23T20:58:34","guid":{"rendered":"https:\/\/penagosholding.com\/?page_id=1661"},"modified":"2025-02-17T15:42:15","modified_gmt":"2025-02-17T15:42:15","slug":"trabaja-con-nosotros","status":"publish","type":"page","link":"https:\/\/penagosholding.com\/en\/trabaja-con-nosotros\/","title":{"rendered":"Work with us"},"content":{"rendered":"<div data-elementor-type=\"wp-page\" data-elementor-id=\"1661\" class=\"elementor elementor-1661\">\n\t\t\t\t\t\t<section class=\"ob-is-breaking-bad elementor-section elementor-top-section elementor-element elementor-element-d77710d elementor-section-boxed elementor-section-height-default elementor-section-height-default\" data-id=\"d77710d\" data-element_type=\"section\" data-e-type=\"section\" data-settings=\"{&quot;background_background&quot;:&quot;classic&quot;,&quot;_ob_bbad_use_it&quot;:&quot;yes&quot;,&quot;_ob_bbad_sssic_use&quot;:&quot;no&quot;,&quot;_ob_glider_is_slider&quot;:&quot;no&quot;}\">\n\t\t\t\t\t\t<div class=\"elementor-container elementor-column-gap-default\">\n\t\t\t\t\t<div class=\"elementor-column elementor-col-100 elementor-top-column elementor-element elementor-element-8ead489\" data-id=\"8ead489\" data-element_type=\"column\" data-e-type=\"column\" data-settings=\"{&quot;_ob_bbad_is_stalker&quot;:&quot;no&quot;,&quot;_ob_teleporter_use&quot;:false,&quot;_ob_column_hoveranimator&quot;:&quot;no&quot;,&quot;_ob_column_has_pseudo&quot;:&quot;no&quot;}\">\n\t\t\t<div class=\"elementor-widget-wrap\">\n\t\t\t\t\t\t\t<\/div>\n\t\t<\/div>\n\t\t\t\t\t<\/div>\n\t\t<\/section>\n\t\t\t\t<section class=\"ob-is-breaking-bad elementor-section elementor-top-section elementor-element elementor-element-ee82407 elementor-section-boxed elementor-section-height-default elementor-section-height-default\" data-id=\"ee82407\" data-element_type=\"section\" data-e-type=\"section\" data-settings=\"{&quot;_ob_bbad_use_it&quot;:&quot;yes&quot;,&quot;_ob_bbad_sssic_use&quot;:&quot;no&quot;,&quot;_ob_glider_is_slider&quot;:&quot;no&quot;}\">\n\t\t\t\t\t\t<div class=\"elementor-container elementor-column-gap-default\">\n\t\t\t\t\t<div class=\"elementor-column elementor-col-100 elementor-top-column elementor-element elementor-element-19e8b740\" data-id=\"19e8b740\" data-element_type=\"column\" data-e-type=\"column\" data-settings=\"{&quot;_ob_bbad_is_stalker&quot;:&quot;no&quot;,&quot;_ob_teleporter_use&quot;:false,&quot;_ob_column_hoveranimator&quot;:&quot;no&quot;,&quot;_ob_column_has_pseudo&quot;:&quot;no&quot;}\">\n\t\t\t<div class=\"elementor-widget-wrap elementor-element-populated\">\n\t\t\t\t\t\t<div class=\"elementor-element elementor-element-5e60b652 elementor-widget-divider--view-line ob-has-background-overlay elementor-widget elementor-widget-divider\" data-id=\"5e60b652\" data-element_type=\"widget\" data-e-type=\"widget\" data-settings=\"{&quot;_ob_perspektive_use&quot;:&quot;no&quot;,&quot;_ob_poopart_use&quot;:&quot;yes&quot;,&quot;_ob_shadough_use&quot;:&quot;no&quot;,&quot;_ob_allow_hoveranimator&quot;:&quot;no&quot;,&quot;_ob_widget_stalker_use&quot;:&quot;no&quot;}\" data-widget_type=\"divider.default\">\n\t\t\t\t<div class=\"elementor-widget-container\">\n\t\t\t\t\t\t\t<div class=\"elementor-divider\">\n\t\t\t<span class=\"elementor-divider-separator\">\n\t\t\t\t\t\t<\/span>\n\t\t<\/div>\n\t\t\t\t\t\t<\/div>\n\t\t\t\t<\/div>\n\t\t\t\t\t<\/div>\n\t\t<\/div>\n\t\t\t\t\t<\/div>\n\t\t<\/section>\n\t\t\t\t<section class=\"ob-is-breaking-bad elementor-section elementor-top-section elementor-element elementor-element-29eae62d elementor-section-boxed elementor-section-height-default elementor-section-height-default\" data-id=\"29eae62d\" data-element_type=\"section\" data-e-type=\"section\" data-settings=\"{&quot;_ob_bbad_use_it&quot;:&quot;yes&quot;,&quot;_ob_bbad_sssic_use&quot;:&quot;no&quot;,&quot;_ob_glider_is_slider&quot;:&quot;no&quot;}\">\n\t\t\t\t\t\t<div class=\"elementor-container elementor-column-gap-default\">\n\t\t\t\t\t<div class=\"elementor-column elementor-col-100 elementor-top-column elementor-element elementor-element-2841ea1b\" data-id=\"2841ea1b\" data-element_type=\"column\" data-e-type=\"column\" data-settings=\"{&quot;_ob_bbad_is_stalker&quot;:&quot;no&quot;,&quot;_ob_teleporter_use&quot;:false,&quot;_ob_column_hoveranimator&quot;:&quot;no&quot;,&quot;_ob_column_has_pseudo&quot;:&quot;no&quot;}\">\n\t\t\t<div class=\"elementor-widget-wrap elementor-element-populated\">\n\t\t\t\t\t\t<div class=\"elementor-element elementor-element-5b9a2385 ob-harakiri-inherit ob-has-background-overlay elementor-widget elementor-widget-text-editor\" data-id=\"5b9a2385\" data-element_type=\"widget\" data-e-type=\"widget\" data-settings=\"{&quot;_ob_use_harakiri&quot;:&quot;yes&quot;,&quot;_ob_harakiri_writing_mode&quot;:&quot;inherit&quot;,&quot;_ob_postman_use&quot;:&quot;no&quot;,&quot;_ob_perspektive_use&quot;:&quot;no&quot;,&quot;_ob_poopart_use&quot;:&quot;yes&quot;,&quot;_ob_shadough_use&quot;:&quot;no&quot;,&quot;_ob_allow_hoveranimator&quot;:&quot;no&quot;,&quot;_ob_widget_stalker_use&quot;:&quot;no&quot;}\" data-widget_type=\"text-editor.default\">\n\t\t\t\t<div class=\"elementor-widget-container\">\n\t\t\t\t\t\t\t\t\t<p>Do not be fooled if you receive messages requesting payments to participate in selection processes from Penagos Holding or our allies. These messages are fake and do not come from a trustworthy source. We want to assure you that our organization never requests any type of payment or contribution so that you can access our selection processes.<\/p>\t\t\t\t\t\t\t\t<\/div>\n\t\t\t\t<\/div>\n\t\t\t\t\t<\/div>\n\t\t<\/div>\n\t\t\t\t\t<\/div>\n\t\t<\/section>\n\t\t\t\t<section class=\"ob-is-breaking-bad elementor-section elementor-top-section elementor-element elementor-element-1251706 elementor-section-boxed elementor-section-height-default elementor-section-height-default\" data-id=\"1251706\" data-element_type=\"section\" data-e-type=\"section\" data-settings=\"{&quot;_ob_bbad_use_it&quot;:&quot;yes&quot;,&quot;_ob_bbad_sssic_use&quot;:&quot;no&quot;,&quot;_ob_glider_is_slider&quot;:&quot;no&quot;}\">\n\t\t\t\t\t\t<div class=\"elementor-container elementor-column-gap-default\">\n\t\t\t\t\t<div class=\"elementor-column elementor-col-100 elementor-top-column elementor-element elementor-element-554655c3\" data-id=\"554655c3\" data-element_type=\"column\" data-e-type=\"column\" data-settings=\"{&quot;_ob_bbad_is_stalker&quot;:&quot;no&quot;,&quot;_ob_teleporter_use&quot;:false,&quot;_ob_column_hoveranimator&quot;:&quot;no&quot;,&quot;_ob_column_has_pseudo&quot;:&quot;no&quot;}\">\n\t\t\t<div class=\"elementor-widget-wrap elementor-element-populated\">\n\t\t\t\t\t\t<div class=\"elementor-element elementor-element-6ea05cee ob-has-background-overlay elementor-widget elementor-widget-spacer\" data-id=\"6ea05cee\" data-element_type=\"widget\" data-e-type=\"widget\" data-settings=\"{&quot;_ob_spacerat_use&quot;:&quot;no&quot;,&quot;_ob_perspektive_use&quot;:&quot;no&quot;,&quot;_ob_poopart_use&quot;:&quot;yes&quot;,&quot;_ob_shadough_use&quot;:&quot;no&quot;,&quot;_ob_allow_hoveranimator&quot;:&quot;no&quot;,&quot;_ob_widget_stalker_use&quot;:&quot;no&quot;}\" data-widget_type=\"spacer.default\">\n\t\t\t\t<div class=\"elementor-widget-container\">\n\t\t\t\t\t\t\t<div class=\"elementor-spacer\">\n\t\t\t<div class=\"elementor-spacer-inner\"><\/div>\n\t\t<\/div>\n\t\t\t\t\t\t<\/div>\n\t\t\t\t<\/div>\n\t\t\t\t\t<\/div>\n\t\t<\/div>\n\t\t\t\t\t<\/div>\n\t\t<\/section>\n\t\t\t\t<section class=\"ob-is-breaking-bad elementor-section elementor-top-section elementor-element elementor-element-3fa3379 elementor-section-boxed elementor-section-height-default elementor-section-height-default\" data-id=\"3fa3379\" data-element_type=\"section\" data-e-type=\"section\" data-settings=\"{&quot;_ob_bbad_use_it&quot;:&quot;yes&quot;,&quot;_ob_bbad_sssic_use&quot;:&quot;no&quot;,&quot;_ob_glider_is_slider&quot;:&quot;no&quot;}\">\n\t\t\t\t\t\t<div class=\"elementor-container elementor-column-gap-default\">\n\t\t\t\t\t<div class=\"elementor-column elementor-col-100 elementor-top-column elementor-element elementor-element-bf1cbd1\" data-id=\"bf1cbd1\" data-element_type=\"column\" data-e-type=\"column\" data-settings=\"{&quot;_ob_bbad_is_stalker&quot;:&quot;no&quot;,&quot;_ob_teleporter_use&quot;:false,&quot;_ob_column_hoveranimator&quot;:&quot;no&quot;,&quot;_ob_column_has_pseudo&quot;:&quot;no&quot;}\">\n\t\t\t<div class=\"elementor-widget-wrap\">\n\t\t\t\t\t\t\t<\/div>\n\t\t<\/div>\n\t\t\t\t\t<\/div>\n\t\t<\/section>\n\t\t\t\t<\/div>","protected":false},"excerpt":{"rendered":"<p>Do not be fooled if you receive messages requesting payments to participate in selection processes from Penagos Holding or our allies. These messages are fake and do not come from a trustworthy source. We want to assure you that our organization never requests any type of payment or contribution so that you can access our selection processes.<\/p>","protected":false},"author":1,"featured_media":0,"parent":0,"menu_order":0,"comment_status":"closed","ping_status":"closed","template":"","meta":{"om_disable_all_campaigns":false,"_uag_custom_page_level_css":"","_monsterinsights_skip_tracking":false,"_monsterinsights_sitenote_active":false,"_monsterinsights_sitenote_note":"","_monsterinsights_sitenote_category":0,"_uf_show_specific_survey":0,"_uf_disable_surveys":false,"site-sidebar-layout":"no-sidebar","site-content-layout":"page-builder","ast-site-content-layout":"full-width-container","site-content-style":"unboxed","site-sidebar-style":"unboxed","ast-global-header-display":"","ast-banner-title-visibility":"","ast-main-header-display":"","ast-hfb-above-header-display":"","ast-hfb-below-header-display":"","ast-hfb-mobile-header-display":"","site-post-title":"disabled","ast-breadcrumbs-content":"","ast-featured-img":"disabled","footer-sml-layout":"","ast-disable-related-posts":"","theme-transparent-header-meta":"","adv-header-id-meta":"","stick-header-meta":"","header-above-stick-meta":"","header-main-stick-meta":"","header-below-stick-meta":"","astra-migrate-meta-layouts":"set","ast-page-background-enabled":"default","ast-page-background-meta":{"desktop":{"background-color":"var(--ast-global-color-4)","background-image":"","background-repeat":"repeat","background-position":"center center","background-size":"auto","background-attachment":"scroll","background-type":"","background-media":"","overlay-type":"","overlay-color":"","overlay-opacity":"","overlay-gradient":""},"tablet":{"background-color":"","background-image":"","background-repeat":"repeat","background-position":"center center","background-size":"auto","background-attachment":"scroll","background-type":"","background-media":"","overlay-type":"","overlay-color":"","overlay-opacity":"","overlay-gradient":""},"mobile":{"background-color":"","background-image":"","background-repeat":"repeat","background-position":"center center","background-size":"auto","background-attachment":"scroll","background-type":"","background-media":"","overlay-type":"","overlay-color":"","overlay-opacity":"","overlay-gradient":""}},"ast-content-background-meta":{"desktop":{"background-color":"var(--ast-global-color-5)","background-image":"","background-repeat":"repeat","background-position":"center center","background-size":"auto","background-attachment":"scroll","background-type":"","background-media":"","overlay-type":"","overlay-color":"","overlay-opacity":"","overlay-gradient":""},"tablet":{"background-color":"var(--ast-global-color-5)","background-image":"","background-repeat":"repeat","background-position":"center center","background-size":"auto","background-attachment":"scroll","background-type":"","background-media":"","overlay-type":"","overlay-color":"","overlay-opacity":"","overlay-gradient":""},"mobile":{"background-color":"var(--ast-global-color-5)","background-image":"","background-repeat":"repeat","background-position":"center center","background-size":"auto","background-attachment":"scroll","background-type":"","background-media":"","overlay-type":"","overlay-color":"","overlay-opacity":"","overlay-gradient":""}},"footnotes":""},"class_list":["post-1661","page","type-page","status-publish","hentry"],"aioseo_notices":[],"yoast_head":"<!-- This site is optimized with the Yoast SEO plugin v27.5 - https:\/\/yoast.com\/product\/yoast-seo-wordpress\/ -->\n<title>Trabaja con nosotros - Penagos Holding<\/title>\n<meta name=\"robots\" content=\"index, follow, max-snippet:-1, max-image-preview:large, max-video-preview:-1\" \/>\n<link rel=\"canonical\" href=\"https:\/\/penagosholding.com\/en\/trabaja-con-nosotros\/\" \/>\n<meta property=\"og:locale\" content=\"en_US\" \/>\n<meta property=\"og:type\" content=\"article\" \/>\n<meta property=\"og:title\" content=\"Trabaja con nosotros - Penagos Holding\" \/>\n<meta property=\"og:description\" content=\"No te dejes enga\u00f1ar si recibes mensajes solicitando pagos para participar en procesos de selecci\u00f3n de Penagos Holding o de nuestros aliados. Estos mensajes son falsos y no provienen de una fuente confiable. Queremos asegurarte que nuestra organizaci\u00f3n nunca solicita ning\u00fan tipo de pago o contribuci\u00f3n para que puedas acceder a nuestros procesos de selecci\u00f3n.\" \/>\n<meta property=\"og:url\" content=\"https:\/\/penagosholding.com\/en\/trabaja-con-nosotros\/\" \/>\n<meta property=\"og:site_name\" content=\"Penagos Holding\" \/>\n<meta property=\"article:publisher\" content=\"https:\/\/www.facebook.com\/search\/top?q=penagosholding\" \/>\n<meta property=\"article:modified_time\" content=\"2025-02-17T15:42:15+00:00\" \/>\n<meta name=\"twitter:card\" content=\"summary_large_image\" \/>\n<meta name=\"twitter:label1\" content=\"Est. reading time\" \/>\n\t<meta name=\"twitter:data1\" content=\"1 minute\" \/>\n<script type=\"application\/ld+json\" class=\"yoast-schema-graph\">{\"@context\":\"https:\\\/\\\/schema.org\",\"@graph\":[{\"@type\":\"WebPage\",\"@id\":\"https:\\\/\\\/penagosholding.com\\\/trabaja-con-nosotros\\\/\",\"url\":\"https:\\\/\\\/penagosholding.com\\\/trabaja-con-nosotros\\\/\",\"name\":\"Trabaja con nosotros - Penagos Holding\",\"isPartOf\":{\"@id\":\"https:\\\/\\\/penagosholding.com\\\/#website\"},\"datePublished\":\"2023-07-23T20:58:34+00:00\",\"dateModified\":\"2025-02-17T15:42:15+00:00\",\"breadcrumb\":{\"@id\":\"https:\\\/\\\/penagosholding.com\\\/trabaja-con-nosotros\\\/#breadcrumb\"},\"inLanguage\":\"en-US\",\"potentialAction\":[{\"@type\":\"ReadAction\",\"target\":[\"https:\\\/\\\/penagosholding.com\\\/trabaja-con-nosotros\\\/\"]}]},{\"@type\":\"BreadcrumbList\",\"@id\":\"https:\\\/\\\/penagosholding.com\\\/trabaja-con-nosotros\\\/#breadcrumb\",\"itemListElement\":[{\"@type\":\"ListItem\",\"position\":1,\"name\":\"Inicio\",\"item\":\"https:\\\/\\\/penagosholding.com\\\/\"},{\"@type\":\"ListItem\",\"position\":2,\"name\":\"Trabaja con nosotros\"}]},{\"@type\":\"WebSite\",\"@id\":\"https:\\\/\\\/penagosholding.com\\\/#website\",\"url\":\"https:\\\/\\\/penagosholding.com\\\/\",\"name\":\"Penagos Holding\",\"description\":\"Inversiones penagos\",\"publisher\":{\"@id\":\"https:\\\/\\\/penagosholding.com\\\/#organization\"},\"potentialAction\":[{\"@type\":\"SearchAction\",\"target\":{\"@type\":\"EntryPoint\",\"urlTemplate\":\"https:\\\/\\\/penagosholding.com\\\/?s={search_term_string}\"},\"query-input\":{\"@type\":\"PropertyValueSpecification\",\"valueRequired\":true,\"valueName\":\"search_term_string\"}}],\"inLanguage\":\"en-US\"},{\"@type\":\"Organization\",\"@id\":\"https:\\\/\\\/penagosholding.com\\\/#organization\",\"name\":\"Penagos Holding\",\"url\":\"https:\\\/\\\/penagosholding.com\\\/\",\"logo\":{\"@type\":\"ImageObject\",\"inLanguage\":\"en-US\",\"@id\":\"https:\\\/\\\/penagosholding.com\\\/#\\\/schema\\\/logo\\\/image\\\/\",\"url\":\"https:\\\/\\\/penagosholding.com\\\/wp-content\\\/uploads\\\/2022\\\/11\\\/cropped-LOGO-4.png\",\"contentUrl\":\"https:\\\/\\\/penagosholding.com\\\/wp-content\\\/uploads\\\/2022\\\/11\\\/cropped-LOGO-4.png\",\"width\":4057,\"height\":1833,\"caption\":\"Penagos Holding\"},\"image\":{\"@id\":\"https:\\\/\\\/penagosholding.com\\\/#\\\/schema\\\/logo\\\/image\\\/\"},\"sameAs\":[\"https:\\\/\\\/www.facebook.com\\\/search\\\/top?q=penagosholding\",\"https:\\\/\\\/www.instagram.com\\\/penagosholding\\\/\",\"https:\\\/\\\/www.linkedin.com\\\/company\\\/penagosholding\\\/\"]}]}<\/script>\n<!-- \/ Yoast SEO plugin. -->","yoast_head_json":{"title":"Work with us - Penagos Holding","robots":{"index":"index","follow":"follow","max-snippet":"max-snippet:-1","max-image-preview":"max-image-preview:large","max-video-preview":"max-video-preview:-1"},"canonical":"https:\/\/penagosholding.com\/en\/trabaja-con-nosotros\/","og_locale":"en_US","og_type":"article","og_title":"Trabaja con nosotros - Penagos Holding","og_description":"No te dejes enga\u00f1ar si recibes mensajes solicitando pagos para participar en procesos de selecci\u00f3n de Penagos Holding o de nuestros aliados. Estos mensajes son falsos y no provienen de una fuente confiable. Queremos asegurarte que nuestra organizaci\u00f3n nunca solicita ning\u00fan tipo de pago o contribuci\u00f3n para que puedas acceder a nuestros procesos de selecci\u00f3n.","og_url":"https:\/\/penagosholding.com\/en\/trabaja-con-nosotros\/","og_site_name":"Penagos Holding","article_publisher":"https:\/\/www.facebook.com\/search\/top?q=penagosholding","article_modified_time":"2025-02-17T15:42:15+00:00","twitter_card":"summary_large_image","twitter_misc":{"Est. reading time":"1 minute"},"schema":{"@context":"https:\/\/schema.org","@graph":[{"@type":"WebPage","@id":"https:\/\/penagosholding.com\/trabaja-con-nosotros\/","url":"https:\/\/penagosholding.com\/trabaja-con-nosotros\/","name":"Work with us - Penagos Holding","isPartOf":{"@id":"https:\/\/penagosholding.com\/#website"},"datePublished":"2023-07-23T20:58:34+00:00","dateModified":"2025-02-17T15:42:15+00:00","breadcrumb":{"@id":"https:\/\/penagosholding.com\/trabaja-con-nosotros\/#breadcrumb"},"inLanguage":"en-US","potentialAction":[{"@type":"ReadAction","target":["https:\/\/penagosholding.com\/trabaja-con-nosotros\/"]}]},{"@type":"BreadcrumbList","@id":"https:\/\/penagosholding.com\/trabaja-con-nosotros\/#breadcrumb","itemListElement":[{"@type":"ListItem","position":1,"name":"Inicio","item":"https:\/\/penagosholding.com\/"},{"@type":"ListItem","position":2,"name":"Trabaja con nosotros"}]},{"@type":"WebSite","@id":"https:\/\/penagosholding.com\/#website","url":"https:\/\/penagosholding.com\/","name":"Penagos Holding","description":"Penagos investments","publisher":{"@id":"https:\/\/penagosholding.com\/#organization"},"potentialAction":[{"@type":"SearchAction","target":{"@type":"EntryPoint","urlTemplate":"https:\/\/penagosholding.com\/?s={search_term_string}"},"query-input":{"@type":"PropertyValueSpecification","valueRequired":true,"valueName":"search_term_string"}}],"inLanguage":"en-US"},{"@type":"Organization","@id":"https:\/\/penagosholding.com\/#organization","name":"Penagos Holding","url":"https:\/\/penagosholding.com\/","logo":{"@type":"ImageObject","inLanguage":"en-US","@id":"https:\/\/penagosholding.com\/#\/schema\/logo\/image\/","url":"https:\/\/penagosholding.com\/wp-content\/uploads\/2022\/11\/cropped-LOGO-4.png","contentUrl":"https:\/\/penagosholding.com\/wp-content\/uploads\/2022\/11\/cropped-LOGO-4.png","width":4057,"height":1833,"caption":"Penagos Holding"},"image":{"@id":"https:\/\/penagosholding.com\/#\/schema\/logo\/image\/"},"sameAs":["https:\/\/www.facebook.com\/search\/top?q=penagosholding","https:\/\/www.instagram.com\/penagosholding\/","https:\/\/www.linkedin.com\/company\/penagosholding\/"]}]}},"uagb_featured_image_src":{"full":false,"thumbnail":false,"medium":false,"medium_large":false,"large":false,"1536x1536":false,"2048x2048":false,"trp-custom-language-flag":false},"uagb_author_info":{"display_name":"sgil","author_link":"https:\/\/penagosholding.com\/en\/author\/sgil\/"},"uagb_comment_info":0,"uagb_excerpt":"No te dejes enga\u00f1ar si recibes mensajes solicitando pagos para participar en procesos de selecci\u00f3n de Penagos Holding o de nuestros aliados. Estos mensajes son falsos y no provienen de una fuente confiable. Queremos asegurarte que nuestra organizaci\u00f3n nunca solicita ning\u00fan tipo de pago o contribuci\u00f3n para que puedas acceder a nuestros procesos de selecci\u00f3n.","_links":{"self":[{"href":"https:\/\/penagosholding.com\/en\/wp-json\/wp\/v2\/pages\/1661","targetHints":{"allow":["GET"]}}],"collection":[{"href":"https:\/\/penagosholding.com\/en\/wp-json\/wp\/v2\/pages"}],"about":[{"href":"https:\/\/penagosholding.com\/en\/wp-json\/wp\/v2\/types\/page"}],"author":[{"embeddable":true,"href":"https:\/\/penagosholding.com\/en\/wp-json\/wp\/v2\/users\/1"}],"replies":[{"embeddable":true,"href":"https:\/\/penagosholding.com\/en\/wp-json\/wp\/v2\/comments?post=1661"}],"version-history":[{"count":50,"href":"https:\/\/penagosholding.com\/en\/wp-json\/wp\/v2\/pages\/1661\/revisions"}],"predecessor-version":[{"id":2771,"href":"https:\/\/penagosholding.com\/en\/wp-json\/wp\/v2\/pages\/1661\/revisions\/2771"}],"wp:attachment":[{"href":"https:\/\/penagosholding.com\/en\/wp-json\/wp\/v2\/media?parent=1661"}],"curies":[{"name":"wp","href":"https:\/\/api.w.org\/{rel}","templated":true}]}}